{"id":629,"date":"2021-08-10T13:30:27","date_gmt":"2021-08-10T13:30:27","guid":{"rendered":"http:\/\/team-heimat.de\/?page_id=629"},"modified":"2025-10-13T08:49:41","modified_gmt":"2025-10-13T08:49:41","slug":"teamrad","status":"publish","type":"page","link":"http:\/\/team-heimat.de\/?page_id=629","title":{"rendered":"Teamrad"},"content":{"rendered":"\t\t<div data-elementor-type=\"wp-page\" data-elementor-id=\"629\" class=\"elementor elementor-629\">\n\t\t\t\t\t\t<section class=\"elementor-section elementor-top-section elementor-element elementor-element-309550d7 elementor-section-boxed elementor-section-height-default elementor-section-height-default\" data-id=\"309550d7\" data-element_type=\"section\">\n\t\t\t\t\t\t<div class=\"elementor-container elementor-column-gap-default\">\n\t\t\t\t\t<div class=\"elementor-column elementor-col-100 elementor-top-column elementor-element elementor-element-5909ecd2\" data-id=\"5909ecd2\" data-element_type=\"column\">\n\t\t\t<div class=\"elementor-widget-wrap elementor-element-populated\">\n\t\t\t\t\t\t<div class=\"elementor-element elementor-element-cf8f54b elementor-widget elementor-widget-heading\" data-id=\"cf8f54b\" data-element_type=\"widget\" data-widget_type=\"heading.default\">\n\t\t\t\t<div class=\"elementor-widget-container\">\n\t\t\t\t\t<h2 class=\"elementor-heading-title elementor-size-default\">Teamrad 2021 - BMC Teammachine SLR01 Disc Four<\/h2>\t\t\t\t<\/div>\n\t\t\t\t<\/div>\n\t\t\t\t<div class=\"elementor-element elementor-element-5034256 elementor-widget elementor-widget-text-editor\" data-id=\"5034256\" data-element_type=\"widget\" data-widget_type=\"text-editor.default\">\n\t\t\t\t<div class=\"elementor-widget-container\">\n\t\t\t\t\t\t\t\t\t<p>In der Saison 2021 f\u00e4hrt das Team #heimat die BMC Teammachine SLR01 Disc Four. Erfahre mehr \u00fcber das Rad in dem Video der Bike\u00fcbergabe von LinkRadQuadrat an das Team.<\/p>\t\t\t\t\t\t\t\t<\/div>\n\t\t\t\t<\/div>\n\t\t\t\t<div class=\"elementor-element elementor-element-e5e69a8 elementor-widget elementor-widget-video\" data-id=\"e5e69a8\" data-element_type=\"widget\" data-settings=\"{&quot;youtube_url&quot;:&quot;https:\\\/\\\/www.youtube.com\\\/watch?v=QId_Jmw8klY&amp;t=41s&quot;,&quot;video_type&quot;:&quot;youtube&quot;,&quot;controls&quot;:&quot;yes&quot;}\" data-widget_type=\"video.default\">\n\t\t\t\t<div class=\"elementor-widget-container\">\n\t\t\t\t\t\t\t<div class=\"elementor-wrapper elementor-open-inline\">\n\t\t\t<div class=\"elementor-video\"><\/div>\t\t<\/div>\n\t\t\t\t\t\t<\/div>\n\t\t\t\t<\/div>\n\t\t\t\t\t<\/div>\n\t\t<\/div>\n\t\t\t\t\t<\/div>\n\t\t<\/section>\n\t\t\t\t<section class=\"elementor-section elementor-top-section elementor-element elementor-element-dd83e2c elementor-section-boxed elementor-section-height-default elementor-section-height-default\" data-id=\"dd83e2c\" data-element_type=\"section\">\n\t\t\t\t\t\t<div class=\"elementor-container elementor-column-gap-default\">\n\t\t\t\t\t<div class=\"elementor-column elementor-col-50 elementor-top-column elementor-element elementor-element-692cb9e\" data-id=\"692cb9e\" data-element_type=\"column\">\n\t\t\t<div class=\"elementor-widget-wrap\">\n\t\t\t\t\t\t\t<\/div>\n\t\t<\/div>\n\t\t\t\t<div class=\"elementor-column elementor-col-50 elementor-top-column elementor-element elementor-element-2b304a8\" data-id=\"2b304a8\" data-element_type=\"column\">\n\t\t\t<div class=\"elementor-widget-wrap\">\n\t\t\t\t\t\t\t<\/div>\n\t\t<\/div>\n\t\t\t\t\t<\/div>\n\t\t<\/section>\n\t\t\t\t<\/div>\n\t\t","protected":false},"excerpt":{"rendered":"<p>Teamrad 2021 &#8211; BMC Teammachine SLR01 Disc Four In der Saison 2021 f\u00e4hrt das Team #heimat die BMC Teammachine SLR01 Disc Four. Erfahre mehr \u00fcber das Rad in dem Video der Bike\u00fcbergabe von LinkRadQuadrat an das Team. https:\/\/www.youtube.com\/watch?v=QId_Jmw8klY&#038;t=41s<\/p>\n","protected":false},"author":7,"featured_media":0,"parent":0,"menu_order":0,"comment_status":"closed","ping_status":"closed","template":"","meta":{"footnotes":""},"class_list":["post-629","page","type-page","status-publish","hentry"],"_links":{"self":[{"href":"http:\/\/team-heimat.de\/index.php?rest_route=\/wp\/v2\/pages\/629","targetHints":{"allow":["GET"]}}],"collection":[{"href":"http:\/\/team-heimat.de\/index.php?rest_route=\/wp\/v2\/pages"}],"about":[{"href":"http:\/\/team-heimat.de\/index.php?rest_route=\/wp\/v2\/types\/page"}],"author":[{"embeddable":true,"href":"http:\/\/team-heimat.de\/index.php?rest_route=\/wp\/v2\/users\/7"}],"replies":[{"embeddable":true,"href":"http:\/\/team-heimat.de\/index.php?rest_route=%2Fwp%2Fv2%2Fcomments&post=629"}],"version-history":[{"count":14,"href":"http:\/\/team-heimat.de\/index.php?rest_route=\/wp\/v2\/pages\/629\/revisions"}],"predecessor-version":[{"id":923,"href":"http:\/\/team-heimat.de\/index.php?rest_route=\/wp\/v2\/pages\/629\/revisions\/923"}],"wp:attachment":[{"href":"http:\/\/team-heimat.de\/index.php?rest_route=%2Fwp%2Fv2%2Fmedia&parent=629"}],"curies":[{"name":"wp","href":"https:\/\/api.w.org\/{rel}","templated":true}]}}